{"id":38,"date":"2026-02-23T10:04:24","date_gmt":"2026-02-23T10:04:24","guid":{"rendered":"https:\/\/akaarvio.fi\/?page_id=38"},"modified":"2026-02-23T10:20:57","modified_gmt":"2026-02-23T10:20:57","slug":"ota-yhteytta","status":"publish","type":"page","link":"https:\/\/akaarvio.fi\/?page_id=38","title":{"rendered":"Ota yhteytt\u00e4"},"content":{"rendered":"\n<pre class=\"wp-block-preformatted\">Ota yhteytt\u00e4 arvioijaan.<br>AKA-arvionti ja kiinteist\u00f6n kaupanvahvistus ammattimaisesti ja tehokkaasti viikon jokaisena p\u00e4iv\u00e4n\u00e4.<br><br>Soita +358 400 433866 tai j\u00e4t\u00e4 yhteystietosi.<br><br>Contact us +358 400 433866 or send us a message and we will get back to you.<\/pre>\n\n\n<style id=\"fluentform-block-custom-styles-1\">.fluentform.fluentform_wrapper_1.ff_guten_block.ff_guten_block-1 .ff-el-input--label label { color: #1e2a38; }\n.fluentform.fluentform_wrapper_1.ff_guten_block.ff_guten_block-1 .ff-el-input--content input::placeholder, .fluentform.fluentform_wrapper_1.ff_guten_block.ff_guten_block-1 .ff-el-input--content textarea::placeholder { color: #ad966e; }\n.fluentform.fluentform_wrapper_1.ff_guten_block.ff_guten_block-1 .ff-el-input--content input::placeholder, .fluentform.fluentform_wrapper_1.ff_guten_block.ff_guten_block-1 .ff-el-input--content textarea::placeholder { font-weight: 400; }\n.fluentform.fluentform_wrapper_1.ff_guten_block.ff_guten_block-1 .ff_submit_btn_wrapper .ff-btn-submit { width: 25%; color: #ffffff; background-color: #ad966e; }\n.fluentform.fluentform_wrapper_1.ff_guten_block.ff_guten_block-1 .ff-el-form-check label { font-size: 15px;; }\n<\/style><div class='fluentform ff-default fluentform_wrapper_1  ff_guten_block ff_guten_block-1 ffs_default_wrap'><form data-form_id=\"1\" id=\"fluentform_1\" class=\"frm-fluent-form fluent_form_1 ff-el-form-top ff_form_instance_1_1 ff-form-loading ffs_default\" data-form_instance=\"ff_form_instance_1_1\" method=\"POST\" ><fieldset  style=\"border: none!important;margin: 0!important;padding: 0!important;background-color: transparent!important;box-shadow: none!important;outline: none!important; min-inline-size: 100%;\">\n                    <legend class=\"ff_screen_reader_title\" style=\"display: block; margin: 0!important;padding: 0!important;height: 0!important;text-indent: -999999px;width: 0!important;overflow:hidden;\">Contact Form Demo<\/legend><p style=\"display: none !important;\" class=\"akismet-fields-container\" data-prefix=\"ak_\"><label>&#916;<textarea name=\"ak_hp_textarea\" cols=\"45\" rows=\"8\" maxlength=\"100\"><\/textarea><\/label><input type=\"hidden\" id=\"ak_js_1\" name=\"ak_js\" value=\"131\"\/><script>document.getElementById( \"ak_js_1\" ).setAttribute( \"value\", ( new Date() ).getTime() );<\/script><\/p><input type='hidden' name='__fluent_form_embded_post_id' value='38' \/><input type=\"hidden\" id=\"_fluentform_1_fluentformnonce\" name=\"_fluentform_1_fluentformnonce\" value=\"4efaf1c390\" \/><input type=\"hidden\" name=\"_wp_http_referer\" value=\"\/index.php?rest_route=%2Fwp%2Fv2%2Fpages%2F38\" \/><div data-type=\"name-element\" data-name=\"names\" class=\" ff-field_container ff-name-field-wrapper\" ><div class='ff-t-container'><div class='ff-t-cell '><div class='ff-el-group'><div class=\"ff-el-input--label ff-el-is-required asterisk-right\"><label for='ff_1_names_first_name_' id='label_ff_1_names_first_name_' >Nimi<\/label><\/div><div class='ff-el-input--content'><input type=\"text\" name=\"names[first_name]\" id=\"ff_1_names_first_name_\" class=\"ff-el-form-control\" placeholder=\"Nimesi\" aria-invalid=\"false\" aria-required=true><\/div><\/div><\/div><\/div><\/div><div class='ff-el-group'><div class=\"ff-el-input--label ff-el-is-required asterisk-right\"><label for='ff_1_email' id='label_ff_1_email' aria-label=\"S\u00e4hk\u00f6posti\">S\u00e4hk\u00f6posti<\/label><\/div><div class='ff-el-input--content'><input type=\"email\" name=\"email\" id=\"ff_1_email\" class=\"ff-el-form-control\" placeholder=\"S\u00e4hk\u00f6postiosoitteesi\" data-name=\"email\"  aria-invalid=\"false\" aria-required=true><\/div><\/div><div class='ff-el-group'><div class=\"ff-el-input--label asterisk-right\"><label for='ff_1_subject' id='label_ff_1_subject' aria-label=\"Puhelin\">Puhelin<\/label><\/div><div class='ff-el-input--content'><input type=\"text\" name=\"subject\" class=\"ff-el-form-control\" placeholder=\"Puhelinnumerosi\" data-name=\"subject\" id=\"ff_1_subject\"  aria-invalid=\"false\" aria-required=false><\/div><\/div><div class='ff-el-group'><div class=\"ff-el-input--label ff-el-is-required asterisk-right\"><label for='ff_1_message' id='label_ff_1_message' aria-label=\"Viesti\">Viesti<\/label><\/div><div class='ff-el-input--content'><textarea aria-required=\"true\" aria-labelledby=\"label_ff_1_message\" name=\"message\" id=\"ff_1_message\" class=\"ff-el-form-control\" placeholder=\"Kirjoita viestisi t\u00e4h\u00e4n\" rows=\"4\" cols=\"2\" data-name=\"message\" ><\/textarea><\/div><\/div><div class='ff-el-group ff-text-center ff_submit_btn_wrapper'><button type=\"submit\" class=\"ff-btn ff-btn-submit ff-btn-md ff_btn_style wpf_has_custom_css\"  aria-label=\"L\u00c4HET\u00c4\">L\u00c4HET\u00c4<\/button><\/div><\/fieldset><\/form><div id='fluentform_1_errors' class='ff-errors-in-stack ff_form_instance_1_1 ff-form-loading_errors ff_form_instance_1_1_errors'><\/div><\/div>            <script type=\"text\/javascript\">\n                window.fluent_form_ff_form_instance_1_1 = {\"id\":\"1\",\"settings\":{\"layout\":{\"labelPlacement\":\"top\",\"helpMessagePlacement\":\"with_label\",\"errorMessagePlacement\":\"inline\",\"cssClassName\":\"\",\"asteriskPlacement\":\"asterisk-right\"},\"restrictions\":{\"denyEmptySubmission\":{\"enabled\":false}}},\"form_instance\":\"ff_form_instance_1_1\",\"form_id_selector\":\"fluentform_1\",\"rules\":{\"names[first_name]\":{\"required\":{\"value\":true,\"message\":\"This field is required\",\"global\":false,\"global_message\":\"This field is required\"}},\"names[middle_name]\":{\"required\":{\"value\":false,\"message\":\"This field is required\",\"global\":false,\"global_message\":\"This field is required\"}},\"names[last_name]\":{\"required\":{\"value\":false,\"message\":\"This field is required\",\"global\":false,\"global_message\":\"This field is required\"}},\"email\":{\"required\":{\"value\":true,\"message\":\"This field is required\",\"global\":false,\"global_message\":\"This field is required\"},\"email\":{\"value\":true,\"message\":\"This field must contain a valid email\",\"global\":false,\"global_message\":\"This field must contain a valid email\"}},\"subject\":{\"required\":{\"value\":false,\"message\":\"This field is required\",\"global\":false,\"global_message\":\"This field is required\"}},\"message\":{\"required\":{\"value\":true,\"message\":\"This field is required\",\"global\":false,\"global_message\":\"This field is required\"}}},\"debounce_time\":300};\n                            <\/script>\n            \n\n\n<div class=\"wp-block-columns is-layout-flex wp-container-core-columns-is-layout-9d6595d7 wp-block-columns-is-layout-flex\">\n<div class=\"wp-block-column is-layout-flow wp-block-column-is-layout-flow\"><\/div>\n\n\n\n<div class=\"wp-block-column is-layout-flow wp-block-column-is-layout-flow\"><\/div>\n\n\n\n<div class=\"wp-block-column is-layout-flow wp-block-column-is-layout-flow\"><\/div>\n<\/div>\n\n\n\n<div class=\"wp-block-columns is-layout-flex wp-container-core-columns-is-layout-9d6595d7 wp-block-columns-is-layout-flex\">\n<div class=\"wp-block-column is-layout-flow wp-block-column-is-layout-flow\">\n<img loading=\"lazy\" decoding=\"async\" width=\"2481\" height=\"2481\" class=\"gb-media-b97daf61\" alt=\"AKA-arviokirja\" title=\"Aka tunnus\" src=\"https:\/\/akaarvio.fi\/wp-content\/uploads\/2026\/02\/Aka-tunnus-new.png\" srcset=\"https:\/\/akaarvio.fi\/wp-content\/uploads\/2026\/02\/Aka-tunnus-new.png 2481w, https:\/\/akaarvio.fi\/wp-content\/uploads\/2026\/02\/Aka-tunnus-new-300x300.png 300w, https:\/\/akaarvio.fi\/wp-content\/uploads\/2026\/02\/Aka-tunnus-new-1024x1024.png 1024w, https:\/\/akaarvio.fi\/wp-content\/uploads\/2026\/02\/Aka-tunnus-new-150x150.png 150w, https:\/\/akaarvio.fi\/wp-content\/uploads\/2026\/02\/Aka-tunnus-new-768x768.png 768w, https:\/\/akaarvio.fi\/wp-content\/uploads\/2026\/02\/Aka-tunnus-new-1536x1536.png 1536w, https:\/\/akaarvio.fi\/wp-content\/uploads\/2026\/02\/Aka-tunnus-new-2048x2048.png 2048w\" sizes=\"auto, (max-width: 2481px) 100vw, 2481px\" \/>\n<\/div>\n\n\n\n<div class=\"wp-block-column is-layout-flow wp-block-column-is-layout-flow\">\n<img loading=\"lazy\" decoding=\"async\" width=\"2481\" height=\"2481\" class=\"gb-media-a84c74fb\" alt=\"Kaupanvahvistaja\" title=\"Kaupanvahvistajatunnus\" src=\"https:\/\/akaarvio.fi\/wp-content\/uploads\/2026\/02\/Kaupanvahvistajatunnus.png\" srcset=\"https:\/\/akaarvio.fi\/wp-content\/uploads\/2026\/02\/Kaupanvahvistajatunnus.png 2481w, https:\/\/akaarvio.fi\/wp-content\/uploads\/2026\/02\/Kaupanvahvistajatunnus-300x300.png 300w, https:\/\/akaarvio.fi\/wp-content\/uploads\/2026\/02\/Kaupanvahvistajatunnus-1024x1024.png 1024w, https:\/\/akaarvio.fi\/wp-content\/uploads\/2026\/02\/Kaupanvahvistajatunnus-150x150.png 150w, https:\/\/akaarvio.fi\/wp-content\/uploads\/2026\/02\/Kaupanvahvistajatunnus-768x768.png 768w, https:\/\/akaarvio.fi\/wp-content\/uploads\/2026\/02\/Kaupanvahvistajatunnus-1536x1536.png 1536w, https:\/\/akaarvio.fi\/wp-content\/uploads\/2026\/02\/Kaupanvahvistajatunnus-2048x2048.png 2048w\" sizes=\"auto, (max-width: 2481px) 100vw, 2481px\" \/>\n<\/div>\n\n\n\n<div class=\"wp-block-column is-layout-flow wp-block-column-is-layout-flow\">\n<img loading=\"lazy\" decoding=\"async\" width=\"2481\" height=\"2481\" class=\"gb-media-fbd1ca10\" alt=\"LKV\u00a0arviolausunto\" title=\"LKV\u00a0arviolausunto\" src=\"https:\/\/akaarvio.fi\/wp-content\/uploads\/2026\/02\/LKV-arvio-high-res.jpg\" srcset=\"https:\/\/akaarvio.fi\/wp-content\/uploads\/2026\/02\/LKV-arvio-high-res.jpg 2481w, https:\/\/akaarvio.fi\/wp-content\/uploads\/2026\/02\/LKV-arvio-high-res-300x300.jpg 300w, https:\/\/akaarvio.fi\/wp-content\/uploads\/2026\/02\/LKV-arvio-high-res-1024x1024.jpg 1024w, https:\/\/akaarvio.fi\/wp-content\/uploads\/2026\/02\/LKV-arvio-high-res-150x150.jpg 150w, https:\/\/akaarvio.fi\/wp-content\/uploads\/2026\/02\/LKV-arvio-high-res-768x768.jpg 768w, https:\/\/akaarvio.fi\/wp-content\/uploads\/2026\/02\/LKV-arvio-high-res-1536x1536.jpg 1536w, https:\/\/akaarvio.fi\/wp-content\/uploads\/2026\/02\/LKV-arvio-high-res-2048x2048.jpg 2048w\" sizes=\"auto, (max-width: 2481px) 100vw, 2481px\" \/>\n<\/div>\n<\/div>\n\n\n\n<div class=\"wp-block-columns is-layout-flex wp-container-core-columns-is-layout-9d6595d7 wp-block-columns-is-layout-flex\">\n<div class=\"wp-block-column is-layout-flow wp-block-column-is-layout-flow\">\n<p class=\"gb-text gb-text-8fd803f7\"><strong>AKA-arvio<\/strong><\/p>\n\n\n\n<p class=\"has-text-align-center\">Auktorisoidun kiinteist\u00f6arvioijan (AKA) laatima arviokirja. Riippumaton ja perusteltu arviokirja yritysten ja yksityshenkil\u00f6iden tarperisiin.<\/p>\n<\/div>\n\n\n\n<div class=\"wp-block-column is-layout-flow wp-block-column-is-layout-flow\">\n<p class=\"has-text-align-center\"><strong><a href=\"https:\/\/villevartiainen.com\/kaupanvahvistaja\/\">Kaupanvahvistus<\/a><\/strong><\/p>\n\n\n\n<p class=\"gb-text gb-text-bd80bf0b\">Maanmittauslaitoksen m\u00e4\u00e4r\u00e4\u00e4m\u00e4 kaupanvahvistaja. Kiinteist\u00f6kaupan kaupanvahvistukset my\u00f6s virka-ajan ulkopuolella. <\/p>\n<\/div>\n\n\n\n<div class=\"wp-block-column is-layout-flow wp-block-column-is-layout-flow\">\n<p class=\"gb-text gb-text-8fcb39ce\"><strong>LKV arvio <\/strong><\/p>\n\n\n\n<p class=\"has-text-align-center\">Laillistetun kiinteist\u00f6v\u00e4litt\u00e4j\u00e4n (LKV) laatima arviolausunto. Kevyemm\u00e4t hintan\u00e4kemyket ja desktop-arvioit asiakkaiden toiveiden mukaan.<\/p>\n<\/div>\n<\/div>\n\n\n\n<p><\/p>\n","protected":false},"excerpt":{"rendered":"<p>Ota yhteytt\u00e4 arvioijaan.AKA-arvionti ja kiinteist\u00f6n kaupanvahvistus ammattimaisesti ja tehokkaasti viikon jokaisena p\u00e4iv\u00e4n\u00e4.Soita +358 400 433866 tai j\u00e4t\u00e4 yhteystietosi.Contact us +358 400 433866 or send us a message and we will get back to you. AKA-arvio Auktorisoidun kiinteist\u00f6arvioijan (AKA) laatima arviokirja. Riippumaton ja perusteltu arviokirja yritysten ja yksityshenkil\u00f6iden tarperisiin. Kaupanvahvistus Maanmittauslaitoksen m\u00e4\u00e4r\u00e4\u00e4m\u00e4 kaupanvahvistaja. Kiinteist\u00f6kaupan kaupanvahvistukset my\u00f6s &#8230; <a title=\"Ota yhteytt\u00e4\" class=\"read-more\" href=\"https:\/\/akaarvio.fi\/?page_id=38\" aria-label=\"Lue lis\u00e4\u00e4 aiheesta Ota yhteytt\u00e4\">Lue lis\u00e4\u00e4<\/a><\/p>\n","protected":false},"author":1,"featured_media":0,"parent":0,"menu_order":0,"comment_status":"closed","ping_status":"closed","template":"","meta":{"footnotes":""},"class_list":["post-38","page","type-page","status-publish"],"_links":{"self":[{"href":"https:\/\/akaarvio.fi\/index.php?rest_route=\/wp\/v2\/pages\/38","targetHints":{"allow":["GET"]}}],"collection":[{"href":"https:\/\/akaarvio.fi\/index.php?rest_route=\/wp\/v2\/pages"}],"about":[{"href":"https:\/\/akaarvio.fi\/index.php?rest_route=\/wp\/v2\/types\/page"}],"author":[{"embeddable":true,"href":"https:\/\/akaarvio.fi\/index.php?rest_route=\/wp\/v2\/users\/1"}],"replies":[{"embeddable":true,"href":"https:\/\/akaarvio.fi\/index.php?rest_route=%2Fwp%2Fv2%2Fcomments&post=38"}],"version-history":[{"count":11,"href":"https:\/\/akaarvio.fi\/index.php?rest_route=\/wp\/v2\/pages\/38\/revisions"}],"predecessor-version":[{"id":102,"href":"https:\/\/akaarvio.fi\/index.php?rest_route=\/wp\/v2\/pages\/38\/revisions\/102"}],"wp:attachment":[{"href":"https:\/\/akaarvio.fi\/index.php?rest_route=%2Fwp%2Fv2%2Fmedia&parent=38"}],"curies":[{"name":"wp","href":"https:\/\/api.w.org\/{rel}","templated":true}]}}