{"id":6,"date":"2026-02-16T19:16:27","date_gmt":"2026-02-16T19:16:27","guid":{"rendered":"https:\/\/akaarvio.fi\/?page_id=6"},"modified":"2026-02-24T20:33:40","modified_gmt":"2026-02-24T20:33:40","slug":"aka-arvio","status":"publish","type":"page","link":"https:\/\/akaarvio.fi\/","title":{"rendered":"AKA-arviopalvelu"},"content":{"rendered":"\n<div class=\"gb-element-f478bc31\">\n<div class=\"gb-element-562fb6eb\">\n<div class=\"gb-element-7d0e33c6\">\n<h1 class=\"gb-text gb-text-96769473\">Riippumaton ja perusteltu AKA-arvio<\/h1>\n\n\n\n<h2 class=\"wp-block-heading has-text-color has-link-color wp-elements-0b352ffc898e1965ecbdeccaa202d3bc\" style=\"color:#ad966e\"><em><strong>Kun arvolla on merkitys.<\/strong><\/em><\/h2>\n\n\n\n<p class=\"gb-text gb-text-bcfb7a87\">Laadimme auktorisoidun kiinteist\u00f6arvioijan (AKA) arviokirjoja tilanteisiin, joissa tarvitaan objektiivinen ja dokumentoitu markkinahintan\u00e4kemys \u2013 yritysp\u00e4\u00e4t\u00f6sten, rahoitusratkaisujen ja vaativien yksityistilanteiden tueksi. Arviokirja, joka kest\u00e4\u00e4 tarkastelun.<\/p>\n\n\n\n<div class=\"gb-element-018ee0f3\"><\/div>\n<\/div>\n<\/div>\n\n\n\n<div class=\"gb-element-4df79a16\">\n<div class=\"gb-element-bc49d10f\">\n<a class=\"gb-text gbp-button--primary gb-text-14bad93c\">Tilaa AKA-arvio<\/a>\n\n\n\n<a class=\"gb-text gbp-button--secondary gb-text-6dac50e4\">Tutustu Palveluun<\/a>\n<\/div>\n<\/div>\n<\/div>\n\n\n\n<div class=\"wp-block-group is-content-justification-left is-nowrap is-layout-flex wp-container-core-group-is-layout-f56a869c wp-block-group-is-layout-flex\">\n<div class=\"gb-element-b371f7f3\"><\/div>\n\n\n<section class=\"aka-section\">\n<div class=\"aka-wrap\">\n<div class=\"aka-center\">\n<h2 class=\"aka-h2\">Miss\u00e4 tilanteissa riippumaton AKA-arvio on tarpeen?<\/h2>\n<p class=\"aka-lead\">\n        AKA-arviota tarvitaan tilanteissa, joissa omaisuuden arvo ei voi perustua arvioon tai mielipiteeseen,<br \/>\n        vaan sen tulee olla puolueeton, dokumentoitu ja perusteltu.\n      <\/p>\n<\/p><\/div>\n<div class=\"aka-grid\">\n<div class=\"aka-col\">\n<h3>Yritysp\u00e4\u00e4t\u00f6kset ja rahoitus<\/h3>\n<div class=\"aka-accent-line\"><\/div>\n<ul class=\"aka-list\">\n<li>Vakuusarvio pankkia varten<\/li>\n<li>Yritysj\u00e4rjestelyt ja omistusmuutokset<\/li>\n<li>Tilinp\u00e4\u00e4t\u00f6kset ja arvonm\u00e4\u00e4ritykset<\/li>\n<li>Investointi- ja rahoitusratkaisut<\/li>\n<\/ul><\/div>\n<div class=\"aka-col\">\n<h3>Vaativat yksityistilanteet<\/h3>\n<div class=\"aka-accent-line\"><\/div>\n<ul class=\"aka-list\">\n<li>Perunkirjoitus ja perinn\u00f6njako<\/li>\n<li>Ositus ja omaisuuden jako<\/li>\n<li>Riitatilanteet omaisuuden k\u00e4yv\u00e4st\u00e4 arvosta<\/li>\n<li>Vaativat kiinteist\u00f6kaupat<\/li>\n<\/ul><\/div>\n<\/p><\/div>\n<div class=\"aka-card\">\n<h3>Auktorisoitu ja standardoitu arviointi<\/h3>\n<p>\n        AKA-arvioitsijat ovat sitoutuneet noudattamaan kiinteist\u00f6narviointilautakunnan s\u00e4\u00e4nt\u00f6j\u00e4, hyv\u00e4\u00e4<br \/>\n        kiinteist\u00f6arviointitapaa sek\u00e4 kansainv\u00e4lisi\u00e4 arviointistandardeja. Auktorisointi varmistaa arvioitsijan<br \/>\n        ammattitaidon ja arviokirjan laadun. Arviokirja on laadittu kest\u00e4m\u00e4\u00e4n tarkastelua.\n      <\/p>\n<\/p><\/div>\n<div class=\"aka-card\">\n<h3>Milloin LKV-arviolausunto riitt\u00e4\u00e4?<\/h3>\n<p>\n        Joissakin tilanteissa riitt\u00e4\u00e4 kevyempi LKV-arviolausunto, joka soveltuu esimerkiksi vakuusarviota tai<br \/>\n        verotusta varten. AKA-arviopalvelun kautta voit tilata sek\u00e4 virallisen AKA-arviokirjan ett\u00e4 tilanteeseen<br \/>\n        soveltuvan LKV-arviolausunnon.\n      <\/p>\n<\/p><\/div>\n<\/p><\/div>\n<\/section>\n<\/div>\n\n\n\n<div style=\"height:100px\" aria-hidden=\"true\" class=\"wp-block-spacer\"><\/div>\n\n\n\n<div class=\"wp-block-columns is-layout-flex wp-container-core-columns-is-layout-9d6595d7 wp-block-columns-is-layout-flex\">\n<div class=\"wp-block-column is-layout-flow wp-block-column-is-layout-flow\">\n<section class=\"aka-services\" aria-label=\"Palvelut\">\n  <div class=\"aka-services__wrap\">\n    <h2 class=\"aka-services__title\">Palvelut<\/h2>\n    <p class=\"aka-services__lead\">\n      AKA-arviopalvelu tarjoaa asiantuntevaa ja riippumatonta palvelua kiinteist\u00f6alan tarpeisiin.\n    <\/p>\n\n    <div class=\"aka-services__grid\">\n\n      <!-- 1) Primary: AKA-arviokirjat -->\n      <article class=\"aka-card aka-card--primary\">\n        <div class=\"aka-card__topline\"><\/div>\n\n        <div class=\"aka-card__header\">\n          <div class=\"aka-card__icon\" aria-hidden=\"true\">\n            <!-- Icon: document + house -->\n            <svg viewBox=\"0 0 24 24\">\n     <svg viewBox=\"0 0 24 24\" aria-hidden=\"true\">\n  <path d=\"M14 2H7a2 2 0 0 0-2 2v16a2 2 0 0 0 2 2h10a2 2 0 0 0 2-2V8z\"\/>\n  <path d=\"M14 2v6h6\"\/>\n  <path d=\"M8 13h5\"\/>\n  <path d=\"M8 17h4\"\/>\n  <path d=\"M14.5 15.5l1.2 1.2 2.8-2.8\"\/>\n<\/svg>\n          <\/div>\n\n          <div>\n            <h3 class=\"aka-card__h3\">AKA-arviokirjat<\/h3>\n            <p class=\"aka-card__desc\">Riippumattomat ja dokumentoidut arviokirjat.<\/p>\n          <\/div>\n        <\/div>\n\n        <div class=\"aka-card__divider\"><\/div>\n\n        <ul class=\"aka-card__list\">\n          <li>Kiinteist\u00f6- ja asunto-osakearviot<\/li>\n          <li>Vakuusarviot ja markkinahinnan m\u00e4\u00e4rittely<\/li>\n          <li>Toimitila- ja liikekiinteist\u00f6arviot<\/li>\n          <li>Yritysj\u00e4rjestelyihin liittyv\u00e4t arvonm\u00e4\u00e4ritykset<\/li>\n        <\/ul>\n\n        <div class=\"aka-card__link\">\n          <a href=\"\/aka-arviokirjat\">Lue lis\u00e4\u00e4 &rsaquo;<\/a>\n        <\/div>\n      <\/article>\n\n      <!-- 2) LKV & desktop -->\n      <article class=\"aka-card\">\n        <div class=\"aka-card__topline\"><\/div>\n\n        <div class=\"aka-card__header\">\n          <div class=\"aka-card__icon\" aria-hidden=\"true\">\n            <!-- Icon: monitor -->\n            <svg viewBox=\"0 0 24 24\">\n              <svg viewBox=\"0 0 24 24\" aria-hidden=\"true\">\n  <path d=\"M4 5h16a2 2 0 0 1 2 2v9a2 2 0 0 1-2 2H4a2 2 0 0 1-2-2V7a2 2 0 0 1 2-2z\"\/>\n  <path d=\"M8 21h8\"\/>\n  <path d=\"M12 18v3\"\/>\n  <path d=\"M6.5 14l3-3 2.5 2 4-5 1.5 1.5\"\/>\n<\/svg>\n          <\/div>\n\n          <div>\n            <h3 class=\"aka-card__h3\">LKV-arviolausunnot ja et\u00e4arviot<\/h3>\n            <p class=\"aka-card__desc\">Kevyemm\u00e4t arviointipalvelut p\u00e4\u00e4t\u00f6ksenteon tueksi.<\/p>\n          <\/div>\n        <\/div>\n\n        <div class=\"aka-card__divider\"><\/div>\n\n        <ul class=\"aka-card__list\">\n          <li>LKV-arviolausunnot vakuusarviota tai verotusta varten<\/li>\n          <li>Et\u00e4arviot (desktop-arviot)<\/li>\n          <li>Markkinakartoitukset ja ennakkon\u00e4kemykset<\/li>\n        <\/ul>\n\n        <div class=\"aka-card__link\">\n          <a href=\"\/lkv-ja-etaarviot\">Lue lis\u00e4\u00e4 &rsaquo;<\/a>\n        <\/div>\n      <\/article>\n\n      <!-- 3) Kaupanvahvistus -->\n      <article class=\"aka-card\">\n        <div class=\"aka-card__topline\"><\/div>\n\n        <div class=\"aka-card__header\">\n          <div class=\"aka-card__icon\" aria-hidden=\"true\">\n            <!-- Icon: handshake -->\n            <svg viewBox=\"0 0 24 24\">\n              <svg viewBox=\"0 0 24 24\" aria-hidden=\"true\">\n  <path d=\"M8 12l2-2a2.5 2.5 0 0 1 3.5 0l.5.5\"\/>\n  <path d=\"M6 10l-3 3 4 4 3-3\"\/>\n  <path d=\"M18 10l3 3-4 4-3-3\"\/>\n  <path d=\"M10 14l1.2 1.2a2 2 0 0 0 2.8 0l.6-.6\"\/>\n  <path d=\"M9.5 15.5l1 1a2 2 0 0 0 2.8 0l.7-.7\"\/>\n<\/svg>\n          <\/div>\n\n          <div>\n            <h3 class=\"aka-card__h3\">Kaupanvahvistus<\/h3>\n            <p class=\"aka-card__desc\">Maanmittauslaitoksen m\u00e4\u00e4r\u00e4\u00e4m\u00e4 kaupanvahvistaja.<\/p>\n          <\/div>\n        <\/div>\n\n        <div class=\"aka-card__divider\"><\/div>\n\n        <ul class=\"aka-card__list\">\n          <li>Kiinteist\u00f6kaupan virallinen vahvistus<\/li>\n          <li>Kauppaa ennen ja j\u00e4lkeen annettava asiantuntijaohjaus<\/li>\n          <li>Kauppakirjan laadinta erillisen\u00e4 asiantuntijapalveluna<\/li>\n        <\/ul>\n\n        <div class=\"aka-card__link\">\n          <a href=\"\/kaupanvahvistus\">Lue lis\u00e4\u00e4 &rsaquo;<\/a>\n        <\/div>\n      <\/article>\n\n      <!-- 4) Consulting -->\n      <article class=\"aka-card\">\n        <div class=\"aka-card__topline\"><\/div>\n\n        <div class=\"aka-card__header\">\n          <div class=\"aka-card__icon\" aria-hidden=\"true\">\n            <!-- Icon: buildings -->\n              <svg viewBox=\"0 0 24 24\" aria-hidden=\"true\">\n  <path d=\"M3 21V4a2 2 0 0 1 2-2h6v19\"\/>\n  <path d=\"M11 21V7h8a2 2 0 0 1 2 2v12\"\/>\n  <path d=\"M6 6h2\"\/>\n  <path d=\"M6 10h2\"\/>\n  <path d=\"M6 14h2\"\/>\n  <path d=\"M15 11h2\"\/>\n  <path d=\"M15 15h2\"\/>\n<\/svg>\n          <\/div>\n\n          <div>\n            <h3 class=\"aka-card__h3\">Kiinteist\u00f6kehityksen asiantuntijakonsultointi<\/h3>\n            <p class=\"aka-card__desc\">Riippumaton asiantuntijan\u00e4kemys kehityshankkeisiin.<\/p>\n          <\/div>\n        <\/div>\n\n        <div class=\"aka-card__divider\"><\/div>\n\n        <ul class=\"aka-card__list\">\n          <li>Rakennusoikeuden ja k\u00e4ytt\u00f6tarkoituksen arviointi<\/li>\n          <li>Kehityspotentiaalin analyysi ja skenaariot<\/li>\n          <li>Investointi- ja hankekonsultointi<\/li>\n        <\/ul>\n\n        <div class=\"aka-card__link\">\n          <a href=\"\/kiinteistokehitys\">Lue lis\u00e4\u00e4 &rsaquo;<\/a>\n        <\/div>\n      <\/article>\n\n    <\/div>\n  <\/div>\n<\/section>\n<\/div>\n<\/div>\n\n\n\n<div class=\"gbp-footer gb-element-d1dcbfdb\">\n<div class=\"gbp-section__inner gb-element-b12c4cc6\">\n<div>\n<div class=\"gb-text gbp-footer__title\">AKA-arvio<\/div>\n\n\n\n<p class=\"gb-text\">Aukrotisoidun kiintes\u00f6arviojan (AKA) laatima arviokirja yritysten ja yksitysihenkil\u00f6iden tarpeisiin<\/p>\n<\/div>\n\n\n\n<div class=\"gb-element-f089efc7\">\n<div class=\"gb-text gbp-footer__title\">Palvelut<\/div>\n\n\n\n<a class=\"gb-text gbp-footer__link gb-text-36074c8b\"><strong>AKA-arvio<\/strong><\/a>\n\n\n\n<a class=\"gb-text gbp-footer__link gb-text-7ba549f4\">LKV-arvio<\/a>\n\n\n\n<a class=\"gb-text gbp-footer__link gb-text-4b940f86\">Kaupanvahvistus<\/a>\n\n\n\n<a class=\"gb-text gbp-footer__link gb-text-b4439c04\">Kiinteist\u00f6konsultointi<\/a>\n<\/div>\n\n\n\n<div>\n<div class=\"gb-text gbp-footer__title\">Toimeksianto<\/div>\n\n\n\n<a class=\"gb-text gbp-footer__link gb-text-cbdcc394\" href=\"#\">Tilaa AKA-ARVIO<\/a>\n\n\n\n<a class=\"gb-text gbp-footer__link gb-text-b11c8b07\" href=\"#\">Prosessi<\/a>\n\n\n\n<a class=\"gb-text gbp-footer__link gb-text-23e7c228\" href=\"#\">Tietoa AKA-arviosta<\/a>\n\n\n\n<a class=\"gb-text gbp-footer__link gb-text-3aa3ec7e\" href=\"#\"><\/a>\n<\/div>\n\n\n\n<div>\n<div class=\"gb-text gbp-footer__title\">Yhteystiedot<\/div>\n\n\n\n<a class=\"gb-text gbp-footer__link gb-text-4d1b31ba\" href=\"#\">info@AKAarvio.fi<\/a>\n\n\n\n<a class=\"gb-text gbp-footer__link gb-text-a78ab794\" href=\"#\">+358 400 433866<\/a>\n\n\n\n<a class=\"gb-text gbp-footer__link\" href=\"#\"><\/a>\n\n\n\n<a class=\"gb-text gbp-footer__link\" href=\"#\"><\/a>\n<\/div>\n<\/div>\n\n\n\n<div class=\"gbp-section__inner gb-element-6ad98484\"><\/div>\n<\/div>\n\n\n\n<p><\/p>\n","protected":false},"excerpt":{"rendered":"<p>Riippumaton ja perusteltu AKA-arvio Kun arvolla on merkitys. Laadimme auktorisoidun kiinteist\u00f6arvioijan (AKA) arviokirjoja tilanteisiin, joissa tarvitaan objektiivinen ja dokumentoitu markkinahintan\u00e4kemys \u2013 yritysp\u00e4\u00e4t\u00f6sten, rahoitusratkaisujen ja vaativien yksityistilanteiden tueksi. Arviokirja, joka kest\u00e4\u00e4 tarkastelun. Tilaa AKA-arvio Tutustu Palveluun Palvelut AKA-arviopalvelu tarjoaa asiantuntevaa ja riippumatonta palvelua kiinteist\u00f6alan tarpeisiin. AKA-arviokirjat Riippumattomat ja dokumentoidut arviokirjat. Kiinteist\u00f6- ja asunto-osakearviot Vakuusarviot ja markkinahinnan &#8230; <a title=\"AKA-arviopalvelu\" class=\"read-more\" href=\"https:\/\/akaarvio.fi\/\" aria-label=\"Lue lis\u00e4\u00e4 aiheesta AKA-arviopalvelu\">Lue lis\u00e4\u00e4<\/a><\/p>\n","protected":false},"author":1,"featured_media":0,"parent":0,"menu_order":0,"comment_status":"closed","ping_status":"closed","template":"","meta":{"footnotes":"[]"},"class_list":["post-6","page","type-page","status-publish"],"_links":{"self":[{"href":"https:\/\/akaarvio.fi\/index.php?rest_route=\/wp\/v2\/pages\/6","targetHints":{"allow":["GET"]}}],"collection":[{"href":"https:\/\/akaarvio.fi\/index.php?rest_route=\/wp\/v2\/pages"}],"about":[{"href":"https:\/\/akaarvio.fi\/index.php?rest_route=\/wp\/v2\/types\/page"}],"author":[{"embeddable":true,"href":"https:\/\/akaarvio.fi\/index.php?rest_route=\/wp\/v2\/users\/1"}],"replies":[{"embeddable":true,"href":"https:\/\/akaarvio.fi\/index.php?rest_route=%2Fwp%2Fv2%2Fcomments&post=6"}],"version-history":[{"count":18,"href":"https:\/\/akaarvio.fi\/index.php?rest_route=\/wp\/v2\/pages\/6\/revisions"}],"predecessor-version":[{"id":125,"href":"https:\/\/akaarvio.fi\/index.php?rest_route=\/wp\/v2\/pages\/6\/revisions\/125"}],"wp:attachment":[{"href":"https:\/\/akaarvio.fi\/index.php?rest_route=%2Fwp%2Fv2%2Fmedia&parent=6"}],"curies":[{"name":"wp","href":"https:\/\/api.w.org\/{rel}","templated":true}]}}